{"id":63,"date":"2015-01-31T19:11:17","date_gmt":"2015-01-31T19:11:17","guid":{"rendered":"http:\/\/gadreventador.gob.ec\/?page_id=63"},"modified":"2020-03-28T00:53:51","modified_gmt":"2020-03-28T00:53:51","slug":"historia","status":"publish","type":"page","link":"https:\/\/gadreventador.gob.ec\/?page_id=63","title":{"rendered":"Historia"},"content":{"rendered":"<p style=\"text-align: left;\">A partir del a\u00f1o 1967, inicia la historia de la parroquia El Reventador, los primeros pobladores Jorge Jurado, Carlos Ojeda, Danilo Ojeda, Guido Pe\u00f1afiel, Jaime Recalde, llegaron con el objetivo de apoderarse de terrenos bald\u00edos especialmente para el aprovechamiento forestal y agr\u00edcola. Por estos mismos a\u00f1os se inici\u00f3 la explotaci\u00f3n petrolera, por lo que \u201cse asentaron las compa\u00f1\u00edas constructoras Monol\u00edtica e Hidalgo-Hidalgo las cuales hicieron la carretera Santa Rosa &#8211; lago agrio; adem\u00e1s la compa\u00f1\u00eda William Brothers que constru\u00eda la tuber\u00eda en lo que comprende todo este sector.<\/p>\n<p style=\"text-align: left;\">A ra\u00edz de estos acontecimientos varias familias se introdujeron, entre ellas se puede mencionar las familias: \u201cParedes Mu\u00f1o, Ojeda Cifuentes, Mantilla Villarroel, Gavidia Londo\u00f1o, Del Pino Troncoso, Palaguachi Morales, Guevara Orozco, Buena\u00f1o\u00a0 \u00c1lvarez, Lema Torres, C\u00e1rdenas; quienes formaron la Pre cooperativa Velasco Ibarra.\u201d\u00a0(Geograficasis, 2011).<\/p>\n<p style=\"text-align: left;\">Posteriormente, mediante asamblea general la Pre cooperativa se constituy\u00f3 con el nombre de El Reventador, tomando en cuenta la potencialidad tur\u00edstica del volc\u00e1n \u201cReventador\u201d que se encontraba en su jurisdicci\u00f3n.<\/p>\n<p style=\"text-align: left;\">\u201cLa primera autoridad como Teniente Pol\u00edtico fue el se\u00f1or Alonso Cruz Pastor. Esta administraci\u00f3n funcion\u00f3 hasta la creaci\u00f3n del Cant\u00f3n Gonzalo Pizarro, despu\u00e9s de esto los pobladores se ven en la necesidad de buscar su propia Jurisdicci\u00f3n Pol\u00edtica Administrativa objetivo que se logr\u00f3 el 08 de Diciembre de 1987.\u201d\u00a0(Geograficasis, 2011).<\/p>\n<p style=\"text-align: left;\">El Reventador es una Parroquia privilegiada por varios factores. Se encuentra entre dos Parques Nacionales, Cayambe Coca y Zumaco-Napo-Galeras, que por su geograf\u00eda presentar diversidad de atractivos tur\u00edsticos tanto naturales como culturales. Los m\u00e1s sobresalientes son cascada San Rafael, conocida tanto nacional como internacionalmente y el Volc\u00e1n Reventador, uno de los activos del pa\u00eds.<\/p>\n<p style=\"text-align: left;\">En este sector se construy\u00f3 el proyecto Hidroel\u00e9ctrico Coca Codo Sinclair, considerado que durante la etapa de construcci\u00f3n del proyecto se gener\u00f3 fuentes de empleo directas, hoy esa gran mayor\u00eda de trabajadores se encuentran en el desempleo o sub empleo .<\/p>\n","protected":false},"excerpt":{"rendered":"<p>A partir del a\u00f1o 1967, inicia la historia de la parroquia El Reventador, los primeros pobladores Jorge Jurado, Carlos Ojeda, Danilo Ojeda, Guido Pe\u00f1afiel, Jaime Recalde, llegaron con el objetivo de apoderarse de terrenos bald\u00edos especialmente para el aprovechamiento forestal y agr\u00edcola. Por estos mismos a\u00f1os se inici\u00f3 la explotaci\u00f3n<\/p>\n","protected":false},"author":1,"featured_media":0,"parent":42,"menu_order":1,"comment_status":"closed","ping_status":"closed","template":"","meta":{"footnotes":""},"class_list":["post-63","page","type-page","status-publish","hentry"],"_links":{"self":[{"href":"https:\/\/gadreventador.gob.ec\/index.php?rest_route=\/wp\/v2\/pages\/63","targetHints":{"allow":["GET"]}}],"collection":[{"href":"https:\/\/gadreventador.gob.ec\/index.php?rest_route=\/wp\/v2\/pages"}],"about":[{"href":"https:\/\/gadreventador.gob.ec\/index.php?rest_route=\/wp\/v2\/types\/page"}],"author":[{"embeddable":true,"href":"https:\/\/gadreventador.gob.ec\/index.php?rest_route=\/wp\/v2\/users\/1"}],"replies":[{"embeddable":true,"href":"https:\/\/gadreventador.gob.ec\/index.php?rest_route=%2Fwp%2Fv2%2Fcomments&post=63"}],"version-history":[{"count":2,"href":"https:\/\/gadreventador.gob.ec\/index.php?rest_route=\/wp\/v2\/pages\/63\/revisions"}],"predecessor-version":[{"id":1933,"href":"https:\/\/gadreventador.gob.ec\/index.php?rest_route=\/wp\/v2\/pages\/63\/revisions\/1933"}],"up":[{"embeddable":true,"href":"https:\/\/gadreventador.gob.ec\/index.php?rest_route=\/wp\/v2\/pages\/42"}],"wp:attachment":[{"href":"https:\/\/gadreventador.gob.ec\/index.php?rest_route=%2Fwp%2Fv2%2Fmedia&parent=63"}],"curies":[{"name":"wp","href":"https:\/\/api.w.org\/{rel}","templated":true}]}}